{"id":867,"date":"2025-08-23T13:23:09","date_gmt":"2025-08-23T11:23:09","guid":{"rendered":"https:\/\/ki-do-in.shinsonhapkido.org\/?page_id=867"},"modified":"2025-08-27T14:25:29","modified_gmt":"2025-08-27T12:25:29","slug":"stimmen-und-rueckmeldungen","status":"publish","type":"page","link":"https:\/\/ki-do-in.shinsonhapkido.org\/index.php\/stimmen-und-rueckmeldungen\/","title":{"rendered":"Stimmen und R\u00fcckmeldungen"},"content":{"rendered":"\n<p><strong>&#8230;&#8220;Und ich m\u00f6chte euch auch zur\u00fcckmelden, wie professionell ich die Gestaltung des Lehrgangs finde! Diese Ausbildung kann sich definitiv mit meinen bisherigen beruflichen Fortbildungen in Inhalt,Struktur und Ausarbeitung messen. Bei der Ki-Do-In Ausbildung kommt noch die Herzlichkeit dazu.&#8220;<\/strong><\/p>\n\n\n\n<p><em>Corinna<\/em><\/p>\n\n\n\n<p><br><strong>Als ich mich zur KiDoIn-Ausbildung angemeldet habe, dachte ich, dass ich das nur f\u00fcr mich selbst machen will.<br>Und jetzt gebe ich es an andere weiter, weil es mir so gut tut.<br>Aber leider kann ich das nicht so richtig in Worten ausdr\u00fccken.\u00a0<br>Die Ausbildung hat mich ver\u00e4ndert, das auf jeden Fall. Ich bin mehr da angekommen, wo ich mich wohlf\u00fchle mit meiner Bewegung, ein bisschen mittiger, ein bisschen selbstwertiger, ein gro\u00dfes St\u00fcck unbek\u00fcmmerter.<br>Danke!<br>Eine herzliche Umarmung<\/strong> <\/p>\n\n\n\n<p><em>Veronika P.<\/em><\/p>\n\n\n\n<p><strong><br>Wir haben 2024 die Ki Do In Ausbildung abgeschlossen und dabei die Lehrgangswochenenden immer sehr genossen.<br>Die Lehrerinnen und Lehrer haben es verstanden, die F\u00fclle an Informationen zu vermitteln und mit praktischen \u00dcbungen einpr\u00e4gsam zu gestalten. Die Atmosph\u00e4re in der Gruppe hat das Erlernen der Ki Do In Techniken und der theoretischen Grundlagen zu einem besonderen Erlebnis gemacht.  <\/strong> <\/p>\n\n\n\n<p><em>Birgit und J\u00f6rg Th.<\/em><\/p>\n","protected":false},"excerpt":{"rendered":"<p>&#8230;&#8220;Und ich m\u00f6chte euch auch zur\u00fcckmelden, wie professionell ich die Gestaltung des Lehrgangs finde! Diese Ausbildung kann sich definitiv mit meinen bisherigen beruflichen Fortbildungen in Inhalt,Struktur und Ausarbeitung messen. Bei der Ki-Do-In Ausbildung kommt noch die Herzlichkeit dazu.&#8220; Corinna Als ich mich zur KiDoIn-Ausbildung angemeldet habe, dachte ich, dass ich das nur f\u00fcr mich selbst &hellip; <\/p>\n<p class=\"link-more\"><a href=\"https:\/\/ki-do-in.shinsonhapkido.org\/index.php\/stimmen-und-rueckmeldungen\/\" class=\"more-link\"><span class=\"screen-reader-text\">\u201eStimmen und R\u00fcckmeldungen\u201c <\/span>weiterlesen<\/a><\/p>\n","protected":false},"author":1,"featured_media":0,"parent":0,"menu_order":0,"comment_status":"closed","ping_status":"closed","template":"","meta":{"footnotes":""},"class_list":["post-867","page","type-page","status-publish","hentry"],"_links":{"self":[{"href":"https:\/\/ki-do-in.shinsonhapkido.org\/index.php\/wp-json\/wp\/v2\/pages\/867","targetHints":{"allow":["GET"]}}],"collection":[{"href":"https:\/\/ki-do-in.shinsonhapkido.org\/index.php\/wp-json\/wp\/v2\/pages"}],"about":[{"href":"https:\/\/ki-do-in.shinsonhapkido.org\/index.php\/wp-json\/wp\/v2\/types\/page"}],"author":[{"embeddable":true,"href":"https:\/\/ki-do-in.shinsonhapkido.org\/index.php\/wp-json\/wp\/v2\/users\/1"}],"replies":[{"embeddable":true,"href":"https:\/\/ki-do-in.shinsonhapkido.org\/index.php\/wp-json\/wp\/v2\/comments?post=867"}],"version-history":[{"count":5,"href":"https:\/\/ki-do-in.shinsonhapkido.org\/index.php\/wp-json\/wp\/v2\/pages\/867\/revisions"}],"predecessor-version":[{"id":875,"href":"https:\/\/ki-do-in.shinsonhapkido.org\/index.php\/wp-json\/wp\/v2\/pages\/867\/revisions\/875"}],"wp:attachment":[{"href":"https:\/\/ki-do-in.shinsonhapkido.org\/index.php\/wp-json\/wp\/v2\/media?parent=867"}],"curies":[{"name":"wp","href":"https:\/\/api.w.org\/{rel}","templated":true}]}}