{"id":625,"date":"2022-05-07T19:07:58","date_gmt":"2022-05-07T17:07:58","guid":{"rendered":"https:\/\/ki-do-in.shinsonhapkido.org\/?page_id=625"},"modified":"2024-08-17T11:04:30","modified_gmt":"2024-08-17T09:04:30","slug":"geschaeftsbedingungen","status":"publish","type":"page","link":"https:\/\/ki-do-in.shinsonhapkido.org\/index.php\/kontakt\/geschaeftsbedingungen\/","title":{"rendered":"Gesch\u00e4ftsbedingungen"},"content":{"rendered":"\n<p><strong>1. Geltungsbereich&nbsp;<\/strong><\/p>\n\n\n\n<p>Nachstehend die allgemeinen Gesch\u00e4ftsbedingungen (AGB) f\u00fcr die Seminarteilnehmer*innen der Ki Do In Ausbildung der International Shinson Hapkido Association e.V. im folgenden ISHA genannt.<br><\/p>\n\n\n\n<p><strong>2. Zustandekommen des Vertrages<\/strong><\/p>\n\n\n\n<p>2.1 Ein Vertrag mit der ISHA kommt zustande durch die \u00dcbermittlung und Best\u00e4tigung der ausgef\u00fcllten und unterschriebenen Anmeldung auf dem Postweg oder per Email.<\/p>\n\n\n\n<p><br>2.2 Jede\/r Teilnehmer*in erh\u00e4lt nach Eingang ihrer Anmeldung ein Best\u00e4tigungs- oder Ablehnungsschreiben.<\/p>\n\n\n\n<p><strong>3. Anmeldung<\/strong><\/p>\n\n\n\n<p>3.1 Anmeldungen sind verbindlich und verpflichten zur Zahlung der Kursgeb\u00fchr. Ihr Seminarplatz wird reserviert, wenn nach Versand einer Anmeldebest\u00e4tigung eine Anzahlung in H\u00f6he von 50 \u20ac eingegangen ist. <em>Bitte vermerken Sie bei der in der \u00dcberweisung als Verwendungszweck \u201eKi Do In, den Kurs und Ihren Namen&#8220;.<\/em><\/p>\n\n\n\n<p>3.2 Bei Wartelisten f\u00fcr die Seminare ber\u00fccksichtigen wir die Reihenfolge der Anmeldungen. Die Kursgeb\u00fchren sind bis 14 Tage vor Seminarbeginn in voller H\u00f6he zu \u00fcberweisen!<\/p>\n\n\n\n<p>3.3 Durch ihre Anmeldung akzeptieren Sie diese Gesch\u00e4ftsbedingungen.<\/p>\n\n\n\n<p><strong>4. Zahlung<\/strong><\/p>\n\n\n\n<p>Bank\u00fcberweisung: Die Kursgeb\u00fchren sind bis sp\u00e4testens 14 Tage vor Kursbeginn mit dem Verwendungszweck \u201eKi Do In-Ausbildung, Kursdatum und Ihren Namen&#8220; auf das folgende Konto zu \u00fcberweisen.\u00a0<\/p>\n\n\n\n<p>Bank: VOLKSBANK DARMSTADT MAINZ eG, Neubrunnenstr. 2, D-55116 Mainz<\/p>\n\n\n\n<p>Kontoinhaber: International Shinson Hapkido Association<\/p>\n\n\n\n<p>IBAN:    DE59 5519 0000 0107 6440 23\u00a0 \u00a0          BIC:    MVBMDE55<\/p>\n\n\n\n<p>Bei versp\u00e4teter \u00dcberweisung ist der Zahlungsbeleg am 1. Tag des Seminars vorzulegen.&nbsp;<\/p>\n\n\n\n<p>Die Kursgeb\u00fchren sind Umsatzsteuerfrei.<\/p>\n\n\n\n<p><strong>5. Kursgeb\u00fchren<\/strong><\/p>\n\n\n\n<p>Bei Fehlzeiten des\/r Teilnehmers\/in besteht kein Anspruch auf Erstattung der Kursgeb\u00fchr<\/p>\n\n\n\n<p><strong>6. Unterkunft und Verpflegung<\/strong><\/p>\n\n\n\n<p>Die Unterbringung und Verpflegung erfolgt extern und muss von den Teilnehmer*innen selbst organisiert werden. \u00a0Der Seminarort richtet sich nach der jeweiligen Ausschreibung.<\/p>\n\n\n\n<p><strong>7. R\u00fccktritt<\/strong><\/p>\n\n\n\n<p>Innerhalb von 14 Tagen nach Anmeldung kann kostenlos zur\u00fcckgetreten werden. Bei R\u00fccktritt nach diesem Termin f\u00e4llt eine Bearbeitungsgeb\u00fchr von 50 Euro an. Bei Absagen ab drei Wochen vor dem Lehrgangstermin werden 30% und ab einer Woche vorher 90% der Kursgeb\u00fchr f\u00e4llig. Eine Stornierung muss grunds\u00e4tzlich schriftlich erfolgen.&nbsp;<\/p>\n\n\n\n<p><strong>8. Datenschutzklausel<\/strong><\/p>\n\n\n\n<p>Mit der Anmeldung erkl\u00e4ren sich die Teilnehmer*innen einverstanden, dass ihre personenbezogenen Daten zum Zwecke der Seminarabwicklung und Zusendung von Informationen durch die ISHA per EDV gespeichert werden. Die ISHA verpflichtet sich diese Daten nicht an Dritte weiterzugeben, au\u00dfer der\/die Teilnehmer*in hat ihre\/seine Zustimmung anlassbezogen ausdr\u00fccklich erteilt.<\/p>\n\n\n\n<p><strong>9. Allgemeine Teilnahmebedingungen<\/strong><\/p>\n\n\n\n<p>9.1 Die ISHA als Veranstalter haftet nicht f\u00fcr vertragswidriges Verhalten der Teilnehmer*innen. Die Teilnahmegeb\u00fchr wird in diesem Falle nicht erstattet.<\/p>\n\n\n\n<p><br>9.2 Die Ausbilder*innen\/Referent*innen sind gegen\u00fcber den Teilnehmern f\u00fcr die Dauer und im Rahmen der Veranstaltung weisungsbefugt.&nbsp;<\/p>\n\n\n\n<p><br>9.3 Jede\/r Teilnehmer*in wird durch die Akzeptanz dieser AGB auf folgendes hingewiesen: Die Teilnahme an dieser Ausbildung beinhaltet auch die k\u00f6rperliche Ausbildung und k\u00f6rperliche Bewegung. Um Verletzungen des K\u00f6rpers und der Gesundheit auszuschlie\u00dfen, versichert der Veranstalter nach bestem Wissen und Gewissen seiner Verkehrssicherungspflicht nachzukommen.&nbsp;<\/p>\n\n\n\n<p><br>9.4 Die Teilnahme erfolgt auf eigene Gefahr. Veranstaltungen und Seminare sind nie ohne ein Restrisiko. Gegen einen Unfall ist jede\/r Teilnehmer*in nur im Rahmen seiner\/ihrer eigenen Unfallversicherung versichert.<\/p>\n\n\n\n<p><br>9.5 Die Teilnehmer*innen verpflichten sich, nicht unter Einfluss von Alkohol oder sonstigen Bet\u00e4ubungsmitteln zu stehen, die die Reaktionsf\u00e4higkeit und das K\u00f6rperbefinden beeintr\u00e4chtigen k\u00f6nnen. Bei Verst\u00f6\u00dfen hiergegen ist die Seminarleitung berechtigt, den\/die Teilnehmer*in von der Veranstaltung auszuschlie\u00dfen.&nbsp;<\/p>\n\n\n\n<p><br>9.6 Vor der Veranstaltung m\u00fcssen die Ausbilder*innen\/Referent*innen des Veranstalters \u00fcber gesundheitliche Probleme und etwaige Erkrankungen informiert werden, damit der\/die entsprechende Teilnehmer*in bestm\u00f6glich vor Schaden bewahrt werden kann.<\/p>\n\n\n\n<p><br>9.7 Bei erkennbaren gesundheitlichen Problemen ist die Seminarleitung berechtigt, den\/die betreffende\/n Teilnehmer*in von der Veranstaltung auszuschlie\u00dfen.&nbsp;<\/p>\n\n\n\n<p><br>9.8 Der\/die Teilnehmer*in ist verpflichtet, bei auftretenden Leistungsst\u00f6rungen im Rahmen der gesetzlichen Bestimmungen mitzuwirken, evtl. Sch\u00e4den zu vermeiden oder gering zu halten. Der\/die Teilnehmer*in ist insbesondere verpflichtet, seine\/ihre Beanstandungen unverz\u00fcglich den Ausbilder*innen\/Referent*innen zur Kenntnis zu geben. Diese sind von dem Veranstalter beauftragt, f\u00fcr Abhilfe zu sorgen, sofern dies m\u00f6glich ist. Unterl\u00e4sst der\/die Teilnehmer*in schuldhaft, einen Mangel anzuzeigen, so verwirkt er einen Anspruch auf Minderung des Teilnahmepreises.<\/p>\n\n\n\n<p><br>9.9. Bei den Seminaren werden die jeweils g\u00fcltigen Hygienevorschriften angewandt.<\/p>\n\n\n\n<p><strong>10. Haftung<\/strong><\/p>\n\n\n\n<p>10.1 F\u00fcr Sch\u00e4den, welche die ISHA als Veranstalter zu vertreten hat, haften wir unabh\u00e4ngig vom Rechtsgrund nur bei Vorsatz oder grober Fahrl\u00e4ssigkeit. Im \u00dcbrigen ist die Haftung ausgeschlossen. Dies gilt insbesondere f\u00fcr Unf\u00e4lle bei der An- und Abreise und w\u00e4hrend des Aufenthaltes am Tagungsort, f\u00fcr sonstige Personen- und Sachsch\u00e4den sowie f\u00fcr Diebstahl mitgebrachter Gegenst\u00e4nde.<\/p>\n\n\n\n<p>Wir \u00fcbernehmen keine Haftung f\u00fcr verlorene Gegenst\u00e4nde. Nach Beendigung des Seminars und der Abreise werden etwaige Fundsachen von uns eine Woche lang aufbewahrt. Vergessenes schicken wir Ihnen nach Erhalt von 12 \u20ac Versandpauschale zu.<\/p>\n\n\n\n<p>10.2 Die ISHA als Veranstalter haftet in F\u00e4llen des Vorsatzes oder der groben Fahrl\u00e4ssigkeit nach den gesetzlichen Bestimmungen. Die Haftung f\u00fcr Garantien erfolgt verschuldensunabh\u00e4ngig. F\u00fcr leichte Fahrl\u00e4ssigkeit haftet der Veranstalter ausschlie\u00dflich nach den Vorschriften des Produkthaftungsgesetzes, wegen der Verletzung des Lebens, des K\u00f6rpers oder der Gesundheit oder wegen der Verletzung wesentlicher Vertragspflichten. Der Schadensersatzanspruch f\u00fcr die leicht fahrl\u00e4ssige Verletzung wesentlicher Vertragspflichten ist jedoch auf den vertragstypischen, vorhersehbaren Schaden begrenzt, soweit nicht wegen der Verletzung des Lebens, des K\u00f6rpers oder der Gesundheit gehaftet wird. F\u00fcr das Verschulden von Erf\u00fcllungsgehilfen und Vertretern haftet der Veranstalter in demselben Umfang.&nbsp;<\/p>\n\n\n\n<p><br>10.3 Die Regelung des vorstehenden Absatzes erstreckt sich auf Schadensersatz neben der Leistung, den Schadensersatz statt der Leistung und den Ersatzanspruch wegen vergeblicher Aufwendungen, gleich aus welchem Rechtsgrund, einschlie\u00dflich der Haftung wegen M\u00e4ngeln, Verzugs oder Unm\u00f6glichkeit.&nbsp;<\/p>\n\n\n\n<p><strong>11. Gerichtsstand<\/strong><\/p>\n\n\n\n<p>11.1 Etwaige Streitigkeiten l\u00f6sen wir mit Hilfe der Mediation. Sollte dies nicht m\u00f6glich sein, ist der Erf\u00fcllungsort und Gerichtsstand dem Veranstalter n\u00e4chstgelegene zust\u00e4ndige Sitz, in diesem Falle Darmstadt.<\/p>\n\n\n\n<p>11.2 F\u00fcr die Gesch\u00e4ftsverbindung zwischen den Parteien gilt ausschlie\u00dflich deutsches Recht.&nbsp;<\/p>\n\n\n\n<p><br>11.3 Die Gerichtsstandvereinbarung gilt f\u00fcr Inlandskunden und Auslandskunden gleicherma\u00dfen.<br><\/p>\n\n\n\n<p><strong>12. Salvatorische Klausel<\/strong><\/p>\n\n\n\n<p>Sollte eine oder mehrere der vorstehenden Bestimmungen ung\u00fcltig sein, so soll die Wirksamkeit der \u00fcbrigen Bestimmungen hiervon nicht ber\u00fchrt werden. Dies gilt auch, wenn innerhalb einer Regelung ein Teil unwirksam, ein anderer Teil aber wirksam ist. Die jeweils unwirksame Bestimmung soll von den Parteien durch eine Regelung ersetzt werden, die den wirtschaftlichen Interessen der Vertragsparteien am n\u00e4chsten kommt und die den \u00fcbrigen vertraglichen Vereinbarungen nicht zuwider l\u00e4uft.&nbsp;<\/p>\n","protected":false},"excerpt":{"rendered":"<p>1. Geltungsbereich&nbsp; Nachstehend die allgemeinen Gesch\u00e4ftsbedingungen (AGB) f\u00fcr die Seminarteilnehmer*innen der Ki Do In Ausbildung der International Shinson Hapkido Association e.V. im folgenden ISHA genannt. 2. Zustandekommen des Vertrages 2.1 Ein Vertrag mit der ISHA kommt zustande durch die \u00dcbermittlung und Best\u00e4tigung der ausgef\u00fcllten und unterschriebenen Anmeldung auf dem Postweg oder per Email. 2.2 Jede\/r &hellip; <\/p>\n<p class=\"link-more\"><a href=\"https:\/\/ki-do-in.shinsonhapkido.org\/index.php\/kontakt\/geschaeftsbedingungen\/\" class=\"more-link\"><span class=\"screen-reader-text\">\u201eGesch\u00e4ftsbedingungen\u201c <\/span>weiterlesen<\/a><\/p>\n","protected":false},"author":1,"featured_media":0,"parent":115,"menu_order":-1,"comment_status":"closed","ping_status":"closed","template":"","meta":{"footnotes":""},"class_list":["post-625","page","type-page","status-publish","hentry"],"_links":{"self":[{"href":"https:\/\/ki-do-in.shinsonhapkido.org\/index.php\/wp-json\/wp\/v2\/pages\/625","targetHints":{"allow":["GET"]}}],"collection":[{"href":"https:\/\/ki-do-in.shinsonhapkido.org\/index.php\/wp-json\/wp\/v2\/pages"}],"about":[{"href":"https:\/\/ki-do-in.shinsonhapkido.org\/index.php\/wp-json\/wp\/v2\/types\/page"}],"author":[{"embeddable":true,"href":"https:\/\/ki-do-in.shinsonhapkido.org\/index.php\/wp-json\/wp\/v2\/users\/1"}],"replies":[{"embeddable":true,"href":"https:\/\/ki-do-in.shinsonhapkido.org\/index.php\/wp-json\/wp\/v2\/comments?post=625"}],"version-history":[{"count":3,"href":"https:\/\/ki-do-in.shinsonhapkido.org\/index.php\/wp-json\/wp\/v2\/pages\/625\/revisions"}],"predecessor-version":[{"id":732,"href":"https:\/\/ki-do-in.shinsonhapkido.org\/index.php\/wp-json\/wp\/v2\/pages\/625\/revisions\/732"}],"up":[{"embeddable":true,"href":"https:\/\/ki-do-in.shinsonhapkido.org\/index.php\/wp-json\/wp\/v2\/pages\/115"}],"wp:attachment":[{"href":"https:\/\/ki-do-in.shinsonhapkido.org\/index.php\/wp-json\/wp\/v2\/media?parent=625"}],"curies":[{"name":"wp","href":"https:\/\/api.w.org\/{rel}","templated":true}]}}