{"id":585,"date":"2021-11-04T11:07:11","date_gmt":"2021-11-04T10:07:11","guid":{"rendered":"https:\/\/ki-do-in.shinsonhapkido.org\/?page_id=585"},"modified":"2025-04-28T22:22:21","modified_gmt":"2025-04-28T20:22:21","slug":"galerie","status":"publish","type":"page","link":"https:\/\/ki-do-in.shinsonhapkido.org\/index.php\/galerie\/","title":{"rendered":"Galerie"},"content":{"rendered":"\n<div class=\"wp-block-media-text is-stacked-on-mobile is-vertically-aligned-bottom\"><figure class=\"wp-block-media-text__media\"><a href=\"https:\/\/ki-do-in.shinsonhapkido.org\/wp-content\/uploads\/2025\/02\/2025-Ki-Do-In-im-TQJ.pdf\"><img loading=\"lazy\" decoding=\"async\" width=\"724\" height=\"1024\" src=\"https:\/\/ki-do-in.shinsonhapkido.org\/wp-content\/uploads\/2025\/02\/2025-Ki-Do-In-im-TQJ_cover-724x1024.jpg\" alt=\"\" class=\"wp-image-795 size-full\" srcset=\"https:\/\/ki-do-in.shinsonhapkido.org\/wp-content\/uploads\/2025\/02\/2025-Ki-Do-In-im-TQJ_cover-724x1024.jpg 724w, https:\/\/ki-do-in.shinsonhapkido.org\/wp-content\/uploads\/2025\/02\/2025-Ki-Do-In-im-TQJ_cover-212x300.jpg 212w, https:\/\/ki-do-in.shinsonhapkido.org\/wp-content\/uploads\/2025\/02\/2025-Ki-Do-In-im-TQJ_cover-768x1086.jpg 768w, https:\/\/ki-do-in.shinsonhapkido.org\/wp-content\/uploads\/2025\/02\/2025-Ki-Do-In-im-TQJ_cover-1086x1536.jpg 1086w, https:\/\/ki-do-in.shinsonhapkido.org\/wp-content\/uploads\/2025\/02\/2025-Ki-Do-In-im-TQJ_cover-1448x2048.jpg 1448w, https:\/\/ki-do-in.shinsonhapkido.org\/wp-content\/uploads\/2025\/02\/2025-Ki-Do-In-im-TQJ_cover-scaled.jpg 1810w\" sizes=\"auto, (max-width: 724px) 100vw, 724px\" \/><\/a><\/figure><div class=\"wp-block-media-text__content\">\n<p><a href=\"https:\/\/ki-do-in.shinsonhapkido.org\/wp-content\/uploads\/2025\/02\/2025-Ki-Do-In-im-TQJ.pdf\">Artikel <\/a><a href=\"https:\/\/ki-do-in.shinsonhapkido.org\/wp-content\/uploads\/2025\/02\/2025-Ki-Do-In-im-TQJ.pdf\">\u00fcber Ki Do In<\/a> <a href=\"https:\/\/ki-do-in.shinsonhapkido.org\/wp-content\/uploads\/2025\/02\/2025-Ki-Do-In-im-TQJ.pdf\">im Taiji Qigong Journal,  Januar 2025.<\/a><\/p>\n<\/div><\/div>\n\n\n\n<figure class=\"wp-block-image size-large\"><img loading=\"lazy\" decoding=\"async\" width=\"1024\" height=\"768\" src=\"https:\/\/ki-do-in.shinsonhapkido.org\/wp-content\/uploads\/2025\/04\/Urkundenvergabe_Instructor-1024x768.jpg\" alt=\"\" class=\"wp-image-839\" srcset=\"https:\/\/ki-do-in.shinsonhapkido.org\/wp-content\/uploads\/2025\/04\/Urkundenvergabe_Instructor-1024x768.jpg 1024w, https:\/\/ki-do-in.shinsonhapkido.org\/wp-content\/uploads\/2025\/04\/Urkundenvergabe_Instructor-300x225.jpg 300w, https:\/\/ki-do-in.shinsonhapkido.org\/wp-content\/uploads\/2025\/04\/Urkundenvergabe_Instructor-768x576.jpg 768w, https:\/\/ki-do-in.shinsonhapkido.org\/wp-content\/uploads\/2025\/04\/Urkundenvergabe_Instructor-1536x1152.jpg 1536w, https:\/\/ki-do-in.shinsonhapkido.org\/wp-content\/uploads\/2025\/04\/Urkundenvergabe_Instructor-2048x1536.jpg 2048w\" sizes=\"auto, (max-width: 767px) 89vw, (max-width: 1000px) 54vw, (max-width: 1071px) 543px, 580px\" \/><figcaption class=\"wp-element-caption\">Nach 8 Ausbildungs-Seminaren mit Sonsanim Ko Myong wurden im April 2025   die folgenden 10 Dantr\u00e4ger*innen offiziell als Ki Do In Teacher and Instructor anerkannt. Wir gratulieren:<br>Laszlo Martos 4. Ki<br>Uwe Bujack 4. Ki<br>Ruth Arens, 9. Ki<br>Klaus Feil, 9. Ki<br>Markus Keck, 9. Ki<br>Ulla Bettmer, 12. Ki<br>Sibylle Gleich, 12. Ki<br>Alex G\u00f6rgens, 18. Ki<br>Martin K\u00f6pnick, 18. Ki<br>Christine Baatz, 20. Ki<\/figcaption><\/figure>\n\n\n\n<p>Seit 2021 gibt es die M\u00f6glichkeit sich als Ki Do In Lehrerin oder Lehrer ausbilden zu lassen. Eine erste Pr\u00fcfung gab es im Dezember 2023, bei der 17 Personen diese Pr\u00fcfung bestanden. Inzwischen hat auch der zweite Ausbildungslehrgang die Pr\u00fcfung absolviert. Wir stellen hier die neuen Ki Do In Teacher einmal vor:<\/p>\n\n\n\n<figure class=\"wp-block-image size-full\"><img loading=\"lazy\" decoding=\"async\" width=\"453\" height=\"340\" src=\"https:\/\/ki-do-in.shinsonhapkido.org\/wp-content\/uploads\/2025\/04\/grafik-1.png\" alt=\"\" class=\"wp-image-832\" srcset=\"https:\/\/ki-do-in.shinsonhapkido.org\/wp-content\/uploads\/2025\/04\/grafik-1.png 453w, https:\/\/ki-do-in.shinsonhapkido.org\/wp-content\/uploads\/2025\/04\/grafik-1-300x225.png 300w\" sizes=\"auto, (max-width: 453px) 100vw, 453px\" \/><figcaption class=\"wp-element-caption\">1. Ausbildungslehrgang in Hamburg<br>Aus Bad Emstal: Egidio Pantaleo, Sabine Lau-Lewald<br>Aus Berlin: Petra Schreier, Harald Bachmeier,<br>Aus Bremen: Cordula Caspary, Katrin Stuhr<br>Aus Hamburg: Ilka Volz, Andrea Popp, Christian Scholz, Beate Lange, Judy Engelhard, Michael Lappen,<br>Aus Holbaek: Annette Christiansen,<br>Aus Jesteburg: Regina Mogge<br>Aus Malente: Rotraud H\u00e4nlein<br>Aus Duisburg: Kai-Uwe Trollmann<br>Aus Semmerin: Ulrike Frob\u00f6se<\/figcaption><\/figure>\n\n\n\n<figure class=\"wp-block-image size-full\"><img loading=\"lazy\" decoding=\"async\" width=\"453\" height=\"340\" src=\"https:\/\/ki-do-in.shinsonhapkido.org\/wp-content\/uploads\/2025\/04\/grafik-3.png\" alt=\"\" class=\"wp-image-835\" srcset=\"https:\/\/ki-do-in.shinsonhapkido.org\/wp-content\/uploads\/2025\/04\/grafik-3.png 453w, https:\/\/ki-do-in.shinsonhapkido.org\/wp-content\/uploads\/2025\/04\/grafik-3-300x225.png 300w\" sizes=\"auto, (max-width: 453px) 100vw, 453px\" \/><figcaption class=\"wp-element-caption\">2. Ausbildungslehrgang in Seligenstadt<br>Aus Bad K\u00f6nig: Birgit Thiemer, J\u00f6rg Thiemer<br>Aus Filderstadt: Sibyllle H\u00e4u\u00dfler<br>Aus Hamburg: Susanne Ressin, Verena Westermann, Mark Kipp-Thomas,<br>Karen Schiskale, Wolfgang Schiller<br>Aus Hanau: Elisabeth Degoutrie<br>Aus Hasselroth: Silke B\u00e4ckmann, J\u00fcrgen B\u00e4ckmann<br>Aus K\u00f6ln: Ulla Kaperlat, Thomas von Oppenkowski<br>Aus L\u00fcneburg: Anna Hanisch<br>Aus Mannheim: Karin Wieck<br>Aus Seligenstadt: Manuela L\u00f6b<br>Aus T\u00fcbingen: Ingrid Meyerh\u00f6fer, Veronika Preu\u00df, Claudia Risch, Susanne St\u00f6ffel<\/figcaption><\/figure>\n\n\n\n<p>Einblicke und Impressionen aus der Ausbildung<\/p>\n\n\n\n<figure class=\"wp-block-image size-large\"><img loading=\"lazy\" decoding=\"async\" width=\"1920\" height=\"2560\" src=\"https:\/\/ki-do-in.shinsonhapkido.org\/wp-content\/uploads\/2021\/11\/20210814_191222-scaled.jpg\" alt=\"\" class=\"wp-image-586\" srcset=\"https:\/\/ki-do-in.shinsonhapkido.org\/wp-content\/uploads\/2021\/11\/20210814_191222-scaled.jpg 1920w, https:\/\/ki-do-in.shinsonhapkido.org\/wp-content\/uploads\/2021\/11\/20210814_191222-225x300.jpg 225w, https:\/\/ki-do-in.shinsonhapkido.org\/wp-content\/uploads\/2021\/11\/20210814_191222-768x1024.jpg 768w, https:\/\/ki-do-in.shinsonhapkido.org\/wp-content\/uploads\/2021\/11\/20210814_191222-1152x1536.jpg 1152w, https:\/\/ki-do-in.shinsonhapkido.org\/wp-content\/uploads\/2021\/11\/20210814_191222-1536x2048.jpg 1536w\" sizes=\"auto, (max-width: 767px) 89vw, (max-width: 1000px) 54vw, (max-width: 1071px) 543px, 580px\" \/><\/figure>\n\n\n\n<figure class=\"wp-block-gallery has-nested-images columns-default is-cropped wp-block-gallery-1 is-layout-flex wp-block-gallery-is-layout-flex\">\n<figure class=\"wp-block-image size-large\"><img loading=\"lazy\" decoding=\"async\" width=\"2560\" height=\"1920\" data-id=\"587\" src=\"https:\/\/ki-do-in.shinsonhapkido.org\/wp-content\/uploads\/2021\/11\/IMG_9863-scaled.jpg\" alt=\"\" class=\"wp-image-587\" srcset=\"https:\/\/ki-do-in.shinsonhapkido.org\/wp-content\/uploads\/2021\/11\/IMG_9863-scaled.jpg 2560w, https:\/\/ki-do-in.shinsonhapkido.org\/wp-content\/uploads\/2021\/11\/IMG_9863-300x225.jpg 300w, https:\/\/ki-do-in.shinsonhapkido.org\/wp-content\/uploads\/2021\/11\/IMG_9863-1024x768.jpg 1024w, https:\/\/ki-do-in.shinsonhapkido.org\/wp-content\/uploads\/2021\/11\/IMG_9863-768x576.jpg 768w, https:\/\/ki-do-in.shinsonhapkido.org\/wp-content\/uploads\/2021\/11\/IMG_9863-1536x1152.jpg 1536w, https:\/\/ki-do-in.shinsonhapkido.org\/wp-content\/uploads\/2021\/11\/IMG_9863-2048x1536.jpg 2048w\" sizes=\"auto, (max-width: 767px) 89vw, (max-width: 1000px) 54vw, (max-width: 1071px) 543px, 580px\" \/><\/figure>\n<\/figure>\n\n\n\n<figure class=\"wp-block-gallery has-nested-images columns-default is-cropped wp-block-gallery-2 is-layout-flex wp-block-gallery-is-layout-flex\">\n<figure class=\"wp-block-image size-large\"><img loading=\"lazy\" decoding=\"async\" width=\"1024\" height=\"768\" data-id=\"683\" src=\"https:\/\/ki-do-in.shinsonhapkido.org\/wp-content\/uploads\/2023\/02\/IMG_7279-1024x768.jpg\" alt=\"\" class=\"wp-image-683\" srcset=\"https:\/\/ki-do-in.shinsonhapkido.org\/wp-content\/uploads\/2023\/02\/IMG_7279-1024x768.jpg 1024w, https:\/\/ki-do-in.shinsonhapkido.org\/wp-content\/uploads\/2023\/02\/IMG_7279-300x225.jpg 300w, https:\/\/ki-do-in.shinsonhapkido.org\/wp-content\/uploads\/2023\/02\/IMG_7279-768x576.jpg 768w, https:\/\/ki-do-in.shinsonhapkido.org\/wp-content\/uploads\/2023\/02\/IMG_7279.jpg 1092w\" sizes=\"auto, (max-width: 767px) 89vw, (max-width: 1000px) 54vw, (max-width: 1071px) 543px, 580px\" \/><\/figure>\n<\/figure>\n\n\n\n<figure class=\"wp-block-gallery has-nested-images columns-default is-cropped wp-block-gallery-3 is-layout-flex wp-block-gallery-is-layout-flex\">\n<figure class=\"wp-block-image size-large\"><img loading=\"lazy\" decoding=\"async\" width=\"1024\" height=\"768\" data-id=\"686\" src=\"https:\/\/ki-do-in.shinsonhapkido.org\/wp-content\/uploads\/2023\/02\/son_cjihaus_hh-1024x768.jpg\" alt=\"\" class=\"wp-image-686\" srcset=\"https:\/\/ki-do-in.shinsonhapkido.org\/wp-content\/uploads\/2023\/02\/son_cjihaus_hh-1024x768.jpg 1024w, https:\/\/ki-do-in.shinsonhapkido.org\/wp-content\/uploads\/2023\/02\/son_cjihaus_hh-300x225.jpg 300w, https:\/\/ki-do-in.shinsonhapkido.org\/wp-content\/uploads\/2023\/02\/son_cjihaus_hh-768x576.jpg 768w, https:\/\/ki-do-in.shinsonhapkido.org\/wp-content\/uploads\/2023\/02\/son_cjihaus_hh.jpg 1092w\" sizes=\"auto, (max-width: 767px) 89vw, (max-width: 1000px) 54vw, (max-width: 1071px) 543px, 580px\" \/><\/figure>\n<\/figure>\n\n\n\n<figure class=\"wp-block-gallery has-nested-images columns-default is-cropped wp-block-gallery-4 is-layout-flex wp-block-gallery-is-layout-flex\">\n<figure class=\"wp-block-image size-large\"><img loading=\"lazy\" decoding=\"async\" width=\"1024\" height=\"768\" data-id=\"687\" src=\"https:\/\/ki-do-in.shinsonhapkido.org\/wp-content\/uploads\/2023\/02\/murub-ansimeo-1024x768.jpg\" alt=\"\" class=\"wp-image-687\" srcset=\"https:\/\/ki-do-in.shinsonhapkido.org\/wp-content\/uploads\/2023\/02\/murub-ansimeo-1024x768.jpg 1024w, https:\/\/ki-do-in.shinsonhapkido.org\/wp-content\/uploads\/2023\/02\/murub-ansimeo-300x225.jpg 300w, https:\/\/ki-do-in.shinsonhapkido.org\/wp-content\/uploads\/2023\/02\/murub-ansimeo-768x576.jpg 768w, https:\/\/ki-do-in.shinsonhapkido.org\/wp-content\/uploads\/2023\/02\/murub-ansimeo.jpg 1092w\" sizes=\"auto, (max-width: 767px) 89vw, (max-width: 1000px) 54vw, (max-width: 1071px) 543px, 580px\" \/><\/figure>\n<\/figure>\n\n\n\n<figure class=\"wp-block-gallery has-nested-images columns-default is-cropped wp-block-gallery-5 is-layout-flex wp-block-gallery-is-layout-flex\">\n<figure class=\"wp-block-image size-large\"><img loading=\"lazy\" decoding=\"async\" width=\"614\" height=\"819\" data-id=\"688\" src=\"https:\/\/ki-do-in.shinsonhapkido.org\/wp-content\/uploads\/2023\/02\/nanda.jpg\" alt=\"\" class=\"wp-image-688\" srcset=\"https:\/\/ki-do-in.shinsonhapkido.org\/wp-content\/uploads\/2023\/02\/nanda.jpg 614w, https:\/\/ki-do-in.shinsonhapkido.org\/wp-content\/uploads\/2023\/02\/nanda-225x300.jpg 225w\" sizes=\"auto, (max-width: 614px) 100vw, 614px\" \/><\/figure>\n<\/figure>\n\n\n\n<figure class=\"wp-block-gallery has-nested-images columns-default is-cropped wp-block-gallery-6 is-layout-flex wp-block-gallery-is-layout-flex\">\n<figure class=\"wp-block-image size-large\"><img loading=\"lazy\" decoding=\"async\" width=\"1024\" height=\"768\" data-id=\"689\" src=\"https:\/\/ki-do-in.shinsonhapkido.org\/wp-content\/uploads\/2023\/02\/boden-1024x768.jpg\" alt=\"\" class=\"wp-image-689\" srcset=\"https:\/\/ki-do-in.shinsonhapkido.org\/wp-content\/uploads\/2023\/02\/boden-1024x768.jpg 1024w, https:\/\/ki-do-in.shinsonhapkido.org\/wp-content\/uploads\/2023\/02\/boden-300x225.jpg 300w, https:\/\/ki-do-in.shinsonhapkido.org\/wp-content\/uploads\/2023\/02\/boden-768x576.jpg 768w, https:\/\/ki-do-in.shinsonhapkido.org\/wp-content\/uploads\/2023\/02\/boden.jpg 1092w\" sizes=\"auto, (max-width: 767px) 89vw, (max-width: 1000px) 54vw, (max-width: 1071px) 543px, 580px\" \/><\/figure>\n<\/figure>\n\n\n\n<figure class=\"wp-block-gallery has-nested-images columns-default is-cropped wp-block-gallery-7 is-layout-flex wp-block-gallery-is-layout-flex\">\n<figure class=\"wp-block-image size-large\"><img loading=\"lazy\" decoding=\"async\" width=\"1024\" height=\"768\" data-id=\"690\" src=\"https:\/\/ki-do-in.shinsonhapkido.org\/wp-content\/uploads\/2023\/02\/becken-1024x768.jpg\" alt=\"\" class=\"wp-image-690\" srcset=\"https:\/\/ki-do-in.shinsonhapkido.org\/wp-content\/uploads\/2023\/02\/becken-1024x768.jpg 1024w, https:\/\/ki-do-in.shinsonhapkido.org\/wp-content\/uploads\/2023\/02\/becken-300x225.jpg 300w, https:\/\/ki-do-in.shinsonhapkido.org\/wp-content\/uploads\/2023\/02\/becken-768x576.jpg 768w, https:\/\/ki-do-in.shinsonhapkido.org\/wp-content\/uploads\/2023\/02\/becken.jpg 1092w\" sizes=\"auto, (max-width: 767px) 89vw, (max-width: 1000px) 54vw, (max-width: 1071px) 543px, 580px\" \/><\/figure>\n<\/figure>\n\n\n\n<figure class=\"wp-block-gallery has-nested-images columns-default is-cropped wp-block-gallery-8 is-layout-flex wp-block-gallery-is-layout-flex\">\n<figure class=\"wp-block-image size-large\"><img loading=\"lazy\" decoding=\"async\" width=\"1024\" height=\"768\" data-id=\"691\" src=\"https:\/\/ki-do-in.shinsonhapkido.org\/wp-content\/uploads\/2023\/02\/stirn-zum-knie-1024x768.jpg\" alt=\"\" class=\"wp-image-691\" srcset=\"https:\/\/ki-do-in.shinsonhapkido.org\/wp-content\/uploads\/2023\/02\/stirn-zum-knie-1024x768.jpg 1024w, https:\/\/ki-do-in.shinsonhapkido.org\/wp-content\/uploads\/2023\/02\/stirn-zum-knie-300x225.jpg 300w, https:\/\/ki-do-in.shinsonhapkido.org\/wp-content\/uploads\/2023\/02\/stirn-zum-knie-768x576.jpg 768w, https:\/\/ki-do-in.shinsonhapkido.org\/wp-content\/uploads\/2023\/02\/stirn-zum-knie.jpg 1092w\" sizes=\"auto, (max-width: 767px) 89vw, (max-width: 1000px) 54vw, (max-width: 1071px) 543px, 580px\" \/><\/figure>\n<\/figure>\n\n\n\n<figure class=\"wp-block-image size-full\"><img loading=\"lazy\" decoding=\"async\" width=\"614\" height=\"819\" src=\"https:\/\/ki-do-in.shinsonhapkido.org\/wp-content\/uploads\/2023\/02\/und-tschuess.jpg\" alt=\"\" class=\"wp-image-692\" srcset=\"https:\/\/ki-do-in.shinsonhapkido.org\/wp-content\/uploads\/2023\/02\/und-tschuess.jpg 614w, https:\/\/ki-do-in.shinsonhapkido.org\/wp-content\/uploads\/2023\/02\/und-tschuess-225x300.jpg 225w\" sizes=\"auto, (max-width: 614px) 100vw, 614px\" \/><\/figure>\n","protected":false},"excerpt":{"rendered":"<p>Artikel \u00fcber Ki Do In im Taiji Qigong Journal, Januar 2025. Seit 2021 gibt es die M\u00f6glichkeit sich als Ki Do In Lehrerin oder Lehrer ausbilden zu lassen. Eine erste Pr\u00fcfung gab es im Dezember 2023, bei der 17 Personen diese Pr\u00fcfung bestanden. Inzwischen hat auch der zweite Ausbildungslehrgang die Pr\u00fcfung absolviert. Wir stellen hier &hellip; <\/p>\n<p class=\"link-more\"><a href=\"https:\/\/ki-do-in.shinsonhapkido.org\/index.php\/galerie\/\" class=\"more-link\"><span class=\"screen-reader-text\">\u201eGalerie\u201c <\/span>weiterlesen<\/a><\/p>\n","protected":false},"author":1,"featured_media":0,"parent":0,"menu_order":0,"comment_status":"closed","ping_status":"closed","template":"","meta":{"footnotes":""},"class_list":["post-585","page","type-page","status-publish","hentry"],"_links":{"self":[{"href":"https:\/\/ki-do-in.shinsonhapkido.org\/index.php\/wp-json\/wp\/v2\/pages\/585","targetHints":{"allow":["GET"]}}],"collection":[{"href":"https:\/\/ki-do-in.shinsonhapkido.org\/index.php\/wp-json\/wp\/v2\/pages"}],"about":[{"href":"https:\/\/ki-do-in.shinsonhapkido.org\/index.php\/wp-json\/wp\/v2\/types\/page"}],"author":[{"embeddable":true,"href":"https:\/\/ki-do-in.shinsonhapkido.org\/index.php\/wp-json\/wp\/v2\/users\/1"}],"replies":[{"embeddable":true,"href":"https:\/\/ki-do-in.shinsonhapkido.org\/index.php\/wp-json\/wp\/v2\/comments?post=585"}],"version-history":[{"count":15,"href":"https:\/\/ki-do-in.shinsonhapkido.org\/index.php\/wp-json\/wp\/v2\/pages\/585\/revisions"}],"predecessor-version":[{"id":841,"href":"https:\/\/ki-do-in.shinsonhapkido.org\/index.php\/wp-json\/wp\/v2\/pages\/585\/revisions\/841"}],"wp:attachment":[{"href":"https:\/\/ki-do-in.shinsonhapkido.org\/index.php\/wp-json\/wp\/v2\/media?parent=585"}],"curies":[{"name":"wp","href":"https:\/\/api.w.org\/{rel}","templated":true}]}}