{"id":264,"date":"2020-07-08T18:31:16","date_gmt":"2020-07-08T16:31:16","guid":{"rendered":"https:\/\/ki-do-in.shinsonhapkido.org\/?page_id=264"},"modified":"2024-08-20T22:42:53","modified_gmt":"2024-08-20T20:42:53","slug":"das-team","status":"publish","type":"page","link":"https:\/\/ki-do-in.shinsonhapkido.org\/index.php\/das-team\/","title":{"rendered":"die Teams"},"content":{"rendered":"\n<p>Jeder Ausbildungsgang wird von einem Team von jeweils 3 bis 4 Lehrer*innen betreut. F\u00fcr Sonderthemen werden zus\u00e4tzlich noch Fachreferent*innen eingeladen werden. Nachfolgend stellen sich hier die Teams vor:<\/p>\n\n\n\n<p><strong>Das Ausbildungs-Team f\u00fcr den Ausbildungs-Durchgang in K\u00f6ln<\/strong><\/p>\n\n\n\n<div class=\"wp-block-media-text alignwide is-stacked-on-mobile\" style=\"grid-template-columns:32% auto\"><figure class=\"wp-block-media-text__media\"><img loading=\"lazy\" decoding=\"async\" width=\"886\" height=\"1024\" src=\"https:\/\/ki-do-in.shinsonhapkido.org\/wp-content\/uploads\/2020\/08\/ulla-886x1024.jpg\" alt=\"\" class=\"wp-image-333 size-full\" srcset=\"https:\/\/ki-do-in.shinsonhapkido.org\/wp-content\/uploads\/2020\/08\/ulla-886x1024.jpg 886w, https:\/\/ki-do-in.shinsonhapkido.org\/wp-content\/uploads\/2020\/08\/ulla-260x300.jpg 260w, https:\/\/ki-do-in.shinsonhapkido.org\/wp-content\/uploads\/2020\/08\/ulla-768x888.jpg 768w, https:\/\/ki-do-in.shinsonhapkido.org\/wp-content\/uploads\/2020\/08\/ulla-1329x1536.jpg 1329w, https:\/\/ki-do-in.shinsonhapkido.org\/wp-content\/uploads\/2020\/08\/ulla.jpg 1384w\" sizes=\"auto, (max-width: 767px) 89vw, (max-width: 1000px) 54vw, (max-width: 1071px) 543px, 580px\" \/><\/figure><div class=\"wp-block-media-text__content\">\n<div class=\"wp-block-group\"><div class=\"wp-block-group__inner-container is-layout-flow wp-block-group-is-layout-flow\">\n<p class=\"has-black-color has-text-color\"><mark style=\"background-color:rgba(0, 0, 0, 0)\" class=\"has-inline-color has-black-color\">Ulla Bettmer<\/mark> &#8211;     4. Dan Shinson Hapkido, Hamburg. Trainiert seit 35 Jahren Shinson Hapkido. Mein Schwerpunkt beim Ki Do In ist das Wesen der Atmung, die Ki-Arbeit&nbsp; und die Geist\/K\u00f6rper-Beziehung. Mich interessiert der Themenbereich <em>\u201eWas ist Heilung.\/ Ist Heilung immer m\u00f6glich und kann ich mich selbst heilen?\u201c<\/em><\/p>\n<\/div><\/div>\n<\/div><\/div>\n\n\n\n<div class=\"wp-block-media-text alignwide is-stacked-on-mobile\" style=\"grid-template-columns:31% auto\"><figure class=\"wp-block-media-text__media\"><img loading=\"lazy\" decoding=\"async\" width=\"832\" height=\"1024\" src=\"https:\/\/ki-do-in.shinsonhapkido.org\/wp-content\/uploads\/2021\/03\/christine_baatz-scaled-e1616840274704-832x1024.jpg\" alt=\"\" class=\"wp-image-458 size-full\" srcset=\"https:\/\/ki-do-in.shinsonhapkido.org\/wp-content\/uploads\/2021\/03\/christine_baatz-scaled-e1616840274704-832x1024.jpg 832w, https:\/\/ki-do-in.shinsonhapkido.org\/wp-content\/uploads\/2021\/03\/christine_baatz-scaled-e1616840274704-244x300.jpg 244w, https:\/\/ki-do-in.shinsonhapkido.org\/wp-content\/uploads\/2021\/03\/christine_baatz-scaled-e1616840274704-768x946.jpg 768w, https:\/\/ki-do-in.shinsonhapkido.org\/wp-content\/uploads\/2021\/03\/christine_baatz-scaled-e1616840274704.jpg 1081w\" sizes=\"auto, (max-width: 767px) 89vw, (max-width: 1000px) 54vw, (max-width: 1071px) 543px, 580px\" \/><\/figure><div class=\"wp-block-media-text__content\">\n<p>Christine Huth-Baatz &#8211;  1. Dan Shinson Hapkido, Luxemburg\/ Deutschland. Sportwissenschaftlerin, Gesundheits-sport. Langj\u00e4hrige Ki Do In Unterrichts-t\u00e4tigkeit. Studium und Entwicklung mit dem Schwerpunkt komplemen-t\u00e4re&nbsp;Wirkung der \u00f6stlichen und westlichen Gesundheitslehre auf K\u00f6rper-, Atem- und Herz-\/ Geist-Ebene&nbsp;im Ki Do In.&nbsp;<em>Ki Do In ist f\u00fcr mich Spielwiese, Bewegungsmeditation und Kraftquelle auf dem Weg zum Ursprung.<\/em><\/p>\n<\/div><\/div>\n\n\n\n<div class=\"wp-block-media-text alignwide is-stacked-on-mobile\" style=\"grid-template-columns:31% auto\"><figure class=\"wp-block-media-text__media\"><img loading=\"lazy\" decoding=\"async\" width=\"897\" height=\"1024\" src=\"https:\/\/ki-do-in.shinsonhapkido.org\/wp-content\/uploads\/2020\/09\/Markus-Keck-897x1024.jpg\" alt=\"\" class=\"wp-image-368 size-full\" srcset=\"https:\/\/ki-do-in.shinsonhapkido.org\/wp-content\/uploads\/2020\/09\/Markus-Keck-897x1024.jpg 897w, https:\/\/ki-do-in.shinsonhapkido.org\/wp-content\/uploads\/2020\/09\/Markus-Keck-263x300.jpg 263w, https:\/\/ki-do-in.shinsonhapkido.org\/wp-content\/uploads\/2020\/09\/Markus-Keck-768x877.jpg 768w, https:\/\/ki-do-in.shinsonhapkido.org\/wp-content\/uploads\/2020\/09\/Markus-Keck.jpg 1142w\" sizes=\"auto, (max-width: 767px) 89vw, (max-width: 1000px) 54vw, (max-width: 1071px) 543px, 580px\" \/><\/figure><div class=\"wp-block-media-text__content\">\n<p>Markus Keck &#8211; 4. Dan Shinson Hapkido, Echaztal. <br>Gymnastiklehrer und Sport- und Bewegungstherapeut (DVGS),<br>Ausbildungen und Praxis in verschiedenen K\u00f6perarbeitssystemen,<br>Dozent f\u00fcr Sport- und Motop\u00e4dagogik \/ Erlebnisp\u00e4dagogik,<br>langj\u00e4hrige berufliche T\u00e4tigkeit im intensivp\u00e4dagogischen Bereich.<\/p>\n<\/div><\/div>\n\n\n\n<div class=\"wp-block-media-text alignwide is-stacked-on-mobile\" style=\"grid-template-columns:31% auto\"><figure class=\"wp-block-media-text__media\"><img loading=\"lazy\" decoding=\"async\" width=\"892\" height=\"1024\" src=\"https:\/\/ki-do-in.shinsonhapkido.org\/wp-content\/uploads\/2020\/09\/martin-892x1024.jpg\" alt=\"\" class=\"wp-image-375 size-full\" srcset=\"https:\/\/ki-do-in.shinsonhapkido.org\/wp-content\/uploads\/2020\/09\/martin-892x1024.jpg 892w, https:\/\/ki-do-in.shinsonhapkido.org\/wp-content\/uploads\/2020\/09\/martin-261x300.jpg 261w, https:\/\/ki-do-in.shinsonhapkido.org\/wp-content\/uploads\/2020\/09\/martin-768x882.jpg 768w, https:\/\/ki-do-in.shinsonhapkido.org\/wp-content\/uploads\/2020\/09\/martin.jpg 1134w\" sizes=\"auto, (max-width: 767px) 89vw, (max-width: 1000px) 54vw, (max-width: 1071px) 543px, 580px\" \/><\/figure><div class=\"wp-block-media-text__content\">\n<p>Martin K\u00f6pnick &#8211; 4. Dan Shinson Hapkido, Stuttgart. Seit 1993 Shinsonhapkido Training, seit&nbsp; 2004 als Lehrer aktiv. Seit 1980 Physiotherapeut, Osteopat,&nbsp;zertifiziert in Shiatzu, Sportphysio- und Manueller Therapie, Ausbilder f\u00fcr Sportphysioterapeuten, 1. Hilfe im Shinson Hapkido.<\/p>\n<\/div><\/div>\n\n\n\n<p><strong>Das Ausbildungs-Team f\u00fcr den Ausbildungs-Durchgang in Hamburg<\/strong><\/p>\n\n\n\n<div class=\"wp-block-media-text alignwide is-stacked-on-mobile\" style=\"grid-template-columns:31% auto\"><figure class=\"wp-block-media-text__media\"><img loading=\"lazy\" decoding=\"async\" width=\"832\" height=\"1024\" src=\"https:\/\/ki-do-in.shinsonhapkido.org\/wp-content\/uploads\/2021\/04\/portrait_uwe-bujack-rotated-e1619592742630-832x1024.jpg\" alt=\"\" class=\"wp-image-502 size-full\" srcset=\"https:\/\/ki-do-in.shinsonhapkido.org\/wp-content\/uploads\/2021\/04\/portrait_uwe-bujack-rotated-e1619592742630-832x1024.jpg 832w, https:\/\/ki-do-in.shinsonhapkido.org\/wp-content\/uploads\/2021\/04\/portrait_uwe-bujack-rotated-e1619592742630-244x300.jpg 244w, https:\/\/ki-do-in.shinsonhapkido.org\/wp-content\/uploads\/2021\/04\/portrait_uwe-bujack-rotated-e1619592742630-768x945.jpg 768w, https:\/\/ki-do-in.shinsonhapkido.org\/wp-content\/uploads\/2021\/04\/portrait_uwe-bujack-rotated-e1619592742630-1249x1536.jpg 1249w, https:\/\/ki-do-in.shinsonhapkido.org\/wp-content\/uploads\/2021\/04\/portrait_uwe-bujack-rotated-e1619592742630.jpg 1456w\" sizes=\"auto, (max-width: 767px) 89vw, (max-width: 1000px) 54vw, (max-width: 1071px) 543px, 580px\" \/><\/figure><div class=\"wp-block-media-text__content\">\n<p>Uwe Bujack &#8211; 5. Dan Shinson Hapkido,<\/p>\n\n\n\n<p>Hamburg.  1959 geboren, Shinson Hapkido seit 1984.  Bewegungswissenschaftler und Heilpraktiker.<\/p>\n<\/div><\/div>\n\n\n\n<div class=\"wp-block-media-text alignwide is-stacked-on-mobile\" style=\"grid-template-columns:32% auto\"><figure class=\"wp-block-media-text__media\"><img loading=\"lazy\" decoding=\"async\" width=\"885\" height=\"1024\" src=\"https:\/\/ki-do-in.shinsonhapkido.org\/wp-content\/uploads\/2020\/09\/Hapkido_Bille_privat_002-885x1024.jpeg\" alt=\"\" class=\"wp-image-366 size-full\" srcset=\"https:\/\/ki-do-in.shinsonhapkido.org\/wp-content\/uploads\/2020\/09\/Hapkido_Bille_privat_002-885x1024.jpeg 885w, https:\/\/ki-do-in.shinsonhapkido.org\/wp-content\/uploads\/2020\/09\/Hapkido_Bille_privat_002-259x300.jpeg 259w, https:\/\/ki-do-in.shinsonhapkido.org\/wp-content\/uploads\/2020\/09\/Hapkido_Bille_privat_002-768x888.jpeg 768w, https:\/\/ki-do-in.shinsonhapkido.org\/wp-content\/uploads\/2020\/09\/Hapkido_Bille_privat_002-1328x1536.jpeg 1328w, https:\/\/ki-do-in.shinsonhapkido.org\/wp-content\/uploads\/2020\/09\/Hapkido_Bille_privat_002-1770x2048.jpeg 1770w\" sizes=\"auto, (max-width: 767px) 89vw, (max-width: 1000px) 54vw, (max-width: 1071px) 543px, 580px\" \/><\/figure><div class=\"wp-block-media-text__content\">\n<p>Sibylle Gleich  &#8211;   4. Dan Shinson Hapkido, Hamburg. K\u00f6rper- und Bewegungstherapeutin. &nbsp;Unterrichtet seit 20 Jahren Ki Do In. Ausbildung zur Geburtsvorbereiterin (GfG), Diplom Sozialp\u00e4dagogin. Langj\u00e4hrige Berufserfahrung in den Bereichen Suchtpr\u00e4vention, Traumafolge-erkrankungen und Traumaverarbeitung. Arbeit und Praxis in ganzheitlichen k\u00f6rperorientierten Pr\u00e4ventions- und Heilungsans\u00e4tzen.<\/p>\n<\/div><\/div>\n\n\n\n<div class=\"wp-block-media-text alignwide is-stacked-on-mobile\" style=\"grid-template-columns:31% auto\"><figure class=\"wp-block-media-text__media\"><img loading=\"lazy\" decoding=\"async\" width=\"890\" height=\"1024\" src=\"https:\/\/ki-do-in.shinsonhapkido.org\/wp-content\/uploads\/2020\/09\/Alex-890x1024.jpg\" alt=\"\" class=\"wp-image-374 size-full\" srcset=\"https:\/\/ki-do-in.shinsonhapkido.org\/wp-content\/uploads\/2020\/09\/Alex-890x1024.jpg 890w, https:\/\/ki-do-in.shinsonhapkido.org\/wp-content\/uploads\/2020\/09\/Alex-261x300.jpg 261w, https:\/\/ki-do-in.shinsonhapkido.org\/wp-content\/uploads\/2020\/09\/Alex-768x884.jpg 768w, https:\/\/ki-do-in.shinsonhapkido.org\/wp-content\/uploads\/2020\/09\/Alex-1335x1536.jpg 1335w, https:\/\/ki-do-in.shinsonhapkido.org\/wp-content\/uploads\/2020\/09\/Alex-1780x2048.jpg 1780w\" sizes=\"auto, (max-width: 767px) 89vw, (max-width: 1000px) 54vw, (max-width: 1071px) 543px, 580px\" \/><\/figure><div class=\"wp-block-media-text__content\">\n<p>Alexandra G\u00f6rgen &#8211;  3. Dan Shinson Hapkido, Hamburg. Trainiert seit 1992 Shinson Hapkido. Examinierte Krankenschwester. Zertifizierte Anwenderin MH Kinaesthetics, Zertifizierte Heilpflanzenexpertin. <em>Ki Do In bedeutet f\u00fcr mich im Flu\u00df zu sein und gleichzeitig meine Mitte zu finden.<\/em><\/p>\n<\/div><\/div>\n\n\n\n<p><strong>Fachreferent*innen<\/strong><\/p>\n\n\n\n<div class=\"wp-block-media-text alignwide is-stacked-on-mobile\" style=\"grid-template-columns:31% auto\"><figure class=\"wp-block-media-text__media\"><a href=\"https:\/\/ki-do-in.shinsonhapkido.org\/wp-content\/uploads\/2020\/09\/christoff-e1615665135586.jpg\"><img loading=\"lazy\" decoding=\"async\" width=\"1024\" height=\"913\" src=\"https:\/\/ki-do-in.shinsonhapkido.org\/wp-content\/uploads\/2022\/05\/Ruth-Arens-klein-1-1024x913.jpg\" alt=\"\" class=\"wp-image-640 size-full\" srcset=\"https:\/\/ki-do-in.shinsonhapkido.org\/wp-content\/uploads\/2022\/05\/Ruth-Arens-klein-1-1024x913.jpg 1024w, https:\/\/ki-do-in.shinsonhapkido.org\/wp-content\/uploads\/2022\/05\/Ruth-Arens-klein-1-300x267.jpg 300w, https:\/\/ki-do-in.shinsonhapkido.org\/wp-content\/uploads\/2022\/05\/Ruth-Arens-klein-1-768x685.jpg 768w, https:\/\/ki-do-in.shinsonhapkido.org\/wp-content\/uploads\/2022\/05\/Ruth-Arens-klein-1-1536x1369.jpg 1536w, https:\/\/ki-do-in.shinsonhapkido.org\/wp-content\/uploads\/2022\/05\/Ruth-Arens-klein-1-2048x1826.jpg 2048w\" sizes=\"auto, (max-width: 767px) 89vw, (max-width: 1000px) 54vw, (max-width: 1071px) 543px, 580px\" \/><\/a><\/figure><div class=\"wp-block-media-text__content\">\n<p>Ruth Arens &#8211;   4. Dan Shinson Hapkido, trainiert Shinson Hapkido seit 1988. Diplom Sportwissenschaftlerin,&nbsp;Fortbildungen in asiatischer Medizin und Philosophie, Organisation von Ausbildungen und Events im Sport.<\/p>\n<\/div><\/div>\n\n\n\n<div class=\"wp-block-media-text alignwide is-stacked-on-mobile\" style=\"grid-template-columns:32% auto\"><figure class=\"wp-block-media-text__media\"><img loading=\"lazy\" decoding=\"async\" width=\"894\" height=\"1024\" src=\"https:\/\/ki-do-in.shinsonhapkido.org\/wp-content\/uploads\/2020\/09\/klaus-feil-894x1024.jpg\" alt=\"\" class=\"wp-image-364 size-full\" srcset=\"https:\/\/ki-do-in.shinsonhapkido.org\/wp-content\/uploads\/2020\/09\/klaus-feil-894x1024.jpg 894w, https:\/\/ki-do-in.shinsonhapkido.org\/wp-content\/uploads\/2020\/09\/klaus-feil-262x300.jpg 262w, https:\/\/ki-do-in.shinsonhapkido.org\/wp-content\/uploads\/2020\/09\/klaus-feil-768x880.jpg 768w, https:\/\/ki-do-in.shinsonhapkido.org\/wp-content\/uploads\/2020\/09\/klaus-feil.jpg 1138w\" sizes=\"auto, (max-width: 767px) 89vw, (max-width: 1000px) 54vw, (max-width: 1071px) 543px, 580px\" \/><\/figure><div class=\"wp-block-media-text__content\">\n<p>Klaus Feil &#8211;    4. Dan Shinson Hapkido, Berlin. Osteopath. Langj\u00e4hrige Erfahrung als Dozent in der Osteopathie &#8211; Ausbildung und Weiterbildung sowie als Dozent f\u00fcr Anatomie und Physiologie.<\/p>\n<\/div><\/div>\n\n\n\n<div class=\"wp-block-media-text alignwide is-stacked-on-mobile\" style=\"grid-template-columns:31% auto\"><figure class=\"wp-block-media-text__media\"><a href=\"https:\/\/ki-do-in.shinsonhapkido.org\/wp-content\/uploads\/2020\/09\/christoff-e1615665135586.jpg\"><img loading=\"lazy\" decoding=\"async\" width=\"849\" height=\"1024\" src=\"https:\/\/ki-do-in.shinsonhapkido.org\/wp-content\/uploads\/2020\/09\/christoff-e1615665837106-849x1024.jpg\" alt=\"\" class=\"wp-image-376 size-full\" srcset=\"https:\/\/ki-do-in.shinsonhapkido.org\/wp-content\/uploads\/2020\/09\/christoff-e1615665837106-849x1024.jpg 849w, https:\/\/ki-do-in.shinsonhapkido.org\/wp-content\/uploads\/2020\/09\/christoff-e1615665837106-249x300.jpg 249w, https:\/\/ki-do-in.shinsonhapkido.org\/wp-content\/uploads\/2020\/09\/christoff-e1615665837106-768x927.jpg 768w, https:\/\/ki-do-in.shinsonhapkido.org\/wp-content\/uploads\/2020\/09\/christoff-e1615665837106-1273x1536.jpg 1273w, https:\/\/ki-do-in.shinsonhapkido.org\/wp-content\/uploads\/2020\/09\/christoff-e1615665837106.jpg 1468w\" sizes=\"auto, (max-width: 767px) 89vw, (max-width: 1000px) 54vw, (max-width: 1071px) 543px, 580px\" \/><\/a><\/figure><div class=\"wp-block-media-text__content\">\n<p>Christoff Guttermann &#8211;   4. Dan Shinson Hapkido, Belgien und Deutschland. Praktiziert seit 1988 Shinson Hapkido. Bildender K\u00fcnstler. Seit mehr als 15 Jahren als Dozent t\u00e4tig f\u00fcr Jugendhilfe, Kinderschutzbund sowie diverse F\u00f6rderschulen. <em>Mit zunehmender Intensit\u00e4t erfahre ich Ki Do In immer wieder neu und erlebe es als ein alles durchdringendes und sich verfeinerndes Werkzeug der \u00dcbung und Achtsamkeit.<\/em><\/p>\n<\/div><\/div>\n\n\n\n<div class=\"wp-block-media-text alignwide is-stacked-on-mobile\" style=\"grid-template-columns:31% auto\"><figure class=\"wp-block-media-text__media\"><a href=\"https:\/\/ki-do-in.shinsonhapkido.org\/wp-content\/uploads\/2020\/09\/christoff-e1615665135586.jpg\"><img loading=\"lazy\" decoding=\"async\" width=\"683\" height=\"1024\" src=\"https:\/\/ki-do-in.shinsonhapkido.org\/wp-content\/uploads\/2022\/05\/Dr.-Laszlo-Martos-1-683x1024.jpg\" alt=\"\" class=\"wp-image-639 size-full\" srcset=\"https:\/\/ki-do-in.shinsonhapkido.org\/wp-content\/uploads\/2022\/05\/Dr.-Laszlo-Martos-1-683x1024.jpg 683w, https:\/\/ki-do-in.shinsonhapkido.org\/wp-content\/uploads\/2022\/05\/Dr.-Laszlo-Martos-1-200x300.jpg 200w, https:\/\/ki-do-in.shinsonhapkido.org\/wp-content\/uploads\/2022\/05\/Dr.-Laszlo-Martos-1-768x1152.jpg 768w, https:\/\/ki-do-in.shinsonhapkido.org\/wp-content\/uploads\/2022\/05\/Dr.-Laszlo-Martos-1-1024x1536.jpg 1024w, https:\/\/ki-do-in.shinsonhapkido.org\/wp-content\/uploads\/2022\/05\/Dr.-Laszlo-Martos-1-1365x2048.jpg 1365w, https:\/\/ki-do-in.shinsonhapkido.org\/wp-content\/uploads\/2022\/05\/Dr.-Laszlo-Martos-1-scaled.jpg 1707w\" sizes=\"auto, (max-width: 683px) 100vw, 683px\" \/><\/a><\/figure><div class=\"wp-block-media-text__content\">\n<p>Dr. Laszlo Martos &#8211; 4. Dan Shinson Hapkido, Shinson Hapkido Training seit 1987.<\/p>\n\n\n\n<p>Arzt f\u00fcr Allgemeinmedizin, Facharzt f\u00fcr Physikalische Medizin und Rehabilitation, Diplome der \u00d6sterr. \u00c4rztekammer f\u00fcr Sportmedizin, Manuelle Medizin, Akupunktur,&nbsp;Staatliche Diplome f\u00fcr Heilmassage, Manuelle Lymphdrainage.<\/p>\n<\/div><\/div>\n\n\n\n<p><\/p>\n\n\n\n<p><strong>Entwicklung und Konzeption:<\/strong><br>Gro\u00dfmeister Ko Myong<br>Ruth Arens<br>Uwe Bujack<br>Christine Huth-Baatz<br>Dr. med. Laszlo Martos<\/p>\n","protected":false},"excerpt":{"rendered":"<p>Jeder Ausbildungsgang wird von einem Team von jeweils 3 bis 4 Lehrer*innen betreut. F\u00fcr Sonderthemen werden zus\u00e4tzlich noch Fachreferent*innen eingeladen werden. Nachfolgend stellen sich hier die Teams vor: Das Ausbildungs-Team f\u00fcr den Ausbildungs-Durchgang in K\u00f6ln Christine Huth-Baatz &#8211; 1. Dan Shinson Hapkido, Luxemburg\/ Deutschland. Sportwissenschaftlerin, Gesundheits-sport. Langj\u00e4hrige Ki Do In Unterrichts-t\u00e4tigkeit. Studium und Entwicklung mit &hellip; <\/p>\n<p class=\"link-more\"><a href=\"https:\/\/ki-do-in.shinsonhapkido.org\/index.php\/das-team\/\" class=\"more-link\"><span class=\"screen-reader-text\">\u201edie Teams\u201c <\/span>weiterlesen<\/a><\/p>\n","protected":false},"author":1,"featured_media":0,"parent":0,"menu_order":0,"comment_status":"closed","ping_status":"closed","template":"","meta":{"footnotes":""},"class_list":["post-264","page","type-page","status-publish","hentry"],"_links":{"self":[{"href":"https:\/\/ki-do-in.shinsonhapkido.org\/index.php\/wp-json\/wp\/v2\/pages\/264","targetHints":{"allow":["GET"]}}],"collection":[{"href":"https:\/\/ki-do-in.shinsonhapkido.org\/index.php\/wp-json\/wp\/v2\/pages"}],"about":[{"href":"https:\/\/ki-do-in.shinsonhapkido.org\/index.php\/wp-json\/wp\/v2\/types\/page"}],"author":[{"embeddable":true,"href":"https:\/\/ki-do-in.shinsonhapkido.org\/index.php\/wp-json\/wp\/v2\/users\/1"}],"replies":[{"embeddable":true,"href":"https:\/\/ki-do-in.shinsonhapkido.org\/index.php\/wp-json\/wp\/v2\/comments?post=264"}],"version-history":[{"count":64,"href":"https:\/\/ki-do-in.shinsonhapkido.org\/index.php\/wp-json\/wp\/v2\/pages\/264\/revisions"}],"predecessor-version":[{"id":745,"href":"https:\/\/ki-do-in.shinsonhapkido.org\/index.php\/wp-json\/wp\/v2\/pages\/264\/revisions\/745"}],"wp:attachment":[{"href":"https:\/\/ki-do-in.shinsonhapkido.org\/index.php\/wp-json\/wp\/v2\/media?parent=264"}],"curies":[{"name":"wp","href":"https:\/\/api.w.org\/{rel}","templated":true}]}}