{"id":113,"date":"2020-05-25T19:38:23","date_gmt":"2020-05-25T17:38:23","guid":{"rendered":"https:\/\/kidoinausbildung.shinsonhapkido.org\/?page_id=113"},"modified":"2026-03-20T14:17:03","modified_gmt":"2026-03-20T13:17:03","slug":"termine","status":"publish","type":"page","link":"https:\/\/ki-do-in.shinsonhapkido.org\/index.php\/termine\/","title":{"rendered":"Termine"},"content":{"rendered":"\n<figure class=\"wp-block-image size-large\"><img decoding=\"async\" src=\"https:\/\/ki-do-in.shinsonhapkido.org\/wp-content\/uploads\/2025\/11\/KiDoIn_anzeige_HH_251102-Kopie.jpg\" alt=\"\"\/><\/figure>\n\n\n\n<p style=\"font-size:18px\"><strong>Die n\u00e4chsten Ausbildungsdurchg\u00e4nge<\/strong><\/p>\n\n\n\n<p><strong>Stufe 2<\/strong><br><strong><em><a href=\"https:\/\/ki-do-in.shinsonhapkido.org\/wp-content\/uploads\/2025\/04\/Aushang_ausb_Koeln_250402.pdf\">in K\u00f6ln<\/a><\/em><\/strong><\/p>\n\n\n\n<p>Wochenende 2.2<br>26.06. \u2013 28.06.2026<br>Dojang K\u00f6ln,<br><a href=\"https:\/\/www.shinsonhapkido-koeln.de\/\">Maybachstr.172 -174, 50670 K\u00f6ln.<\/a><\/p>\n\n\n\n<p>Wochenende 2.3<br>25.09. \u2013 27.09.2026<br>Dojang K\u00f6ln,<br><a href=\"https:\/\/www.shinsonhapkido-koeln.de\/\">Maybachstr.172 -174, 50670 K\u00f6ln.<\/a><\/p>\n\n\n\n<p><strong>Stufe 3<\/strong><br><strong><em><a href=\"https:\/\/ki-do-in.shinsonhapkido.org\/wp-content\/uploads\/2025\/04\/Aushang_ausb_Koeln_250402.pdf\">in K\u00f6ln<\/a><\/em><\/strong><\/p>\n\n\n\n<p><em>Drei Wochenenden in 2027 &#8211; die Termine folgen!<\/em><\/p>\n\n\n\n<p><strong>Stufe <\/strong>1<br><strong><em>in <\/em><\/strong> <strong><em>Hamburg<\/em><\/strong><\/p>\n\n\n\n<p>Wochenende 1.2<br>08.05. &#8211; 10.05. 2026<br>Dojang <strong>Hamburg<\/strong> 1<br><a href=\"https:\/\/www.suyang.de\/\" target=\"_blank\" rel=\"noreferrer noopener\">Friedensallee 44 \u00b7 22765 Hamburg.<\/a><\/p>\n\n\n\n<p>Wochenende 1.3<br>02.10. &#8211; 04.10. 2026<br>Dojang <strong>Hamburg<\/strong> 1<br><a href=\"https:\/\/www.suyang.de\/\" target=\"_blank\" rel=\"noreferrer noopener\">Friedensallee 44 \u00b7 22765 Hamburg.<\/a><\/p>\n\n\n\n<p><strong>Uhrzeiten der Ausbildungswochenenden<\/strong><\/p>\n\n\n\n<p>Freitag        15.00 &#8211; 21.30 Uhr<br>Samstag      7.00 &#8211;  21. 30 Uhr<br>Sonntag       7.00 &#8211;  12.30 Uhr<\/p>\n\n\n\n<p><strong>Stufe <\/strong>2<br><strong><em>in <\/em><\/strong> <strong><em>Hamburg<\/em><\/strong><\/p>\n\n\n\n<p>Wochenende 2.1<br>02.02. &#8211; 07.02. 2027<br>Dojang <strong>Hamburg<\/strong> 1<br><a href=\"https:\/\/www.suyang.de\/\" data-type=\"link\" data-id=\"https:\/\/www.suyang.de\/\" target=\"_blank\" rel=\"noreferrer noopener\">Friedensallee 44 \u00b7 22765 Hamburg.<\/a><\/p>\n\n\n\n<p>Wochenende 2.2<br>16.04. &#8211; 18.04. 2027<br>Dojang <strong>Hamburg<\/strong> 1<br><a href=\"https:\/\/www.suyang.de\/\" target=\"_blank\" rel=\"noreferrer noopener\">Friedensallee 44 \u00b7 22765 Hamburg.<\/a><\/p>\n\n\n\n<p>Wochenende 2.3<br>01.10. &#8211; 03.10. 2027<br>Dojang <strong>Hamburg<\/strong> 1<br><a href=\"https:\/\/www.suyang.de\/\" target=\"_blank\" rel=\"noreferrer noopener\">Friedensallee 44 \u00b7 22765 Hamburg.<\/a><\/p>\n\n\n\n<p><strong>Stufe <\/strong>3<br><strong><em>in <\/em><\/strong> <strong><em>Hamburg<\/em><\/strong><\/p>\n\n\n\n<p>Wochenende 3.1<br>04.02. &#8211; 06.02. 2028<br>Dojang <strong>Hamburg<\/strong> 1<br><a href=\"https:\/\/www.suyang.de\/\" data-type=\"link\" data-id=\"https:\/\/www.suyang.de\/\" target=\"_blank\" rel=\"noreferrer noopener\">Friedensallee 44 \u00b7 22765 Hamburg.<\/a><\/p>\n\n\n\n<p>Wochenende 3.2<br>28.04. &#8211; 30.04. 2028<br>Dojang <strong>Hamburg<\/strong> 1<br><a href=\"https:\/\/www.suyang.de\/\" target=\"_blank\" rel=\"noreferrer noopener\">Friedensallee 44 \u00b7 22765 Hamburg.<\/a><\/p>\n\n\n\n<p>Wochenende 3.3<br>29.09. &#8211; 01.10. 2028<br>Dojang <strong>Hamburg<\/strong> 1<br><a href=\"https:\/\/www.suyang.de\/\" target=\"_blank\" rel=\"noreferrer noopener\">Friedensallee 44 \u00b7 22765 Hamburg.<\/a><\/p>\n\n\n\n<p><strong>Teilnahmegeb\u00fchren<\/strong><\/p>\n\n\n\n<p><strong>Kosten<\/strong> <strong>f\u00fcr die Stufe 1<\/strong>  (3 Wochenenden<strong>)<\/strong><\/p>\n\n\n\n<div class=\"wp-block-group\"><div class=\"wp-block-group__inner-container is-layout-constrained wp-block-group-is-layout-constrained\">\n<ul class=\"wp-block-list\">\n<li>1.050,- \u20ac<mark style=\"background-color:rgba(0, 0, 0, 0)\" class=\"has-inline-color has-white-color\"> 00<\/mark>Nicht-Mitglieder<\/li>\n\n\n\n<li><mark style=\"background-color:rgba(0, 0, 0, 0)\" class=\"has-inline-color has-white-color\">0<\/mark>900,- \u20ac <mark style=\"background-color:rgba(0, 0, 0, 0)\" class=\"has-inline-color has-white-color\">00<\/mark>Mitglieder eines Shinson Hapkido Dojangs<\/li>\n\n\n\n<li><mark style=\"background-color:rgba(0, 0, 0, 0)\" class=\"has-inline-color has-white-color\">0<\/mark>750,- \u20ac <mark style=\"background-color:rgba(0, 0, 0, 0)\" class=\"has-inline-color has-white-color\">00<\/mark>Shinson Hapkido Kyosanim mit g\u00fcltiger Lizenz<\/li>\n<\/ul>\n<\/div><\/div>\n\n\n\n<p><a href=\"https:\/\/ki-do-in.shinsonhapkido.org\/wp-content\/uploads\/2025\/04\/formular_anmeldung25_stufe1_250407.pdf\" data-type=\"attachment\" data-id=\"736\" target=\"_blank\" rel=\"noreferrer noopener\">Ein Anmeldeformular daf\u00fcr findet ihr hier<\/a><\/p>\n\n\n\n<p>Ratenzahlung m\u00f6glich \u2013 bitte daf\u00fcr an das B\u00fcro wenden<\/p>\n\n\n\n<p>Bei Interesse an einem Ausbildungsdurchgang sendet gerne eine Mail an:&nbsp; <a href=\"mailto:kidoin.office@shinsonhapkido.org\">kidoin.office@shinsonhapkido.org<\/a><\/p>\n\n\n\n<p><\/p>\n","protected":false},"excerpt":{"rendered":"<p>Die n\u00e4chsten Ausbildungsdurchg\u00e4nge Stufe 2in K\u00f6ln Wochenende 2.226.06. \u2013 28.06.2026Dojang K\u00f6ln,Maybachstr.172 -174, 50670 K\u00f6ln. Wochenende 2.325.09. \u2013 27.09.2026Dojang K\u00f6ln,Maybachstr.172 -174, 50670 K\u00f6ln. Stufe 3in K\u00f6ln Drei Wochenenden in 2027 &#8211; die Termine folgen! Stufe 1in Hamburg Wochenende 1.208.05. &#8211; 10.05. 2026Dojang Hamburg 1Friedensallee 44 \u00b7 22765 Hamburg. Wochenende 1.302.10. &#8211; 04.10. 2026Dojang Hamburg 1Friedensallee 44 &hellip; <\/p>\n<p class=\"link-more\"><a href=\"https:\/\/ki-do-in.shinsonhapkido.org\/index.php\/termine\/\" class=\"more-link\"><span class=\"screen-reader-text\">\u201eTermine\u201c <\/span>weiterlesen<\/a><\/p>\n","protected":false},"author":1,"featured_media":0,"parent":0,"menu_order":0,"comment_status":"closed","ping_status":"closed","template":"","meta":{"footnotes":""},"class_list":["post-113","page","type-page","status-publish","hentry"],"_links":{"self":[{"href":"https:\/\/ki-do-in.shinsonhapkido.org\/index.php\/wp-json\/wp\/v2\/pages\/113","targetHints":{"allow":["GET"]}}],"collection":[{"href":"https:\/\/ki-do-in.shinsonhapkido.org\/index.php\/wp-json\/wp\/v2\/pages"}],"about":[{"href":"https:\/\/ki-do-in.shinsonhapkido.org\/index.php\/wp-json\/wp\/v2\/types\/page"}],"author":[{"embeddable":true,"href":"https:\/\/ki-do-in.shinsonhapkido.org\/index.php\/wp-json\/wp\/v2\/users\/1"}],"replies":[{"embeddable":true,"href":"https:\/\/ki-do-in.shinsonhapkido.org\/index.php\/wp-json\/wp\/v2\/comments?post=113"}],"version-history":[{"count":116,"href":"https:\/\/ki-do-in.shinsonhapkido.org\/index.php\/wp-json\/wp\/v2\/pages\/113\/revisions"}],"predecessor-version":[{"id":961,"href":"https:\/\/ki-do-in.shinsonhapkido.org\/index.php\/wp-json\/wp\/v2\/pages\/113\/revisions\/961"}],"wp:attachment":[{"href":"https:\/\/ki-do-in.shinsonhapkido.org\/index.php\/wp-json\/wp\/v2\/media?parent=113"}],"curies":[{"name":"wp","href":"https:\/\/api.w.org\/{rel}","templated":true}]}}